{"id":16,"date":"2021-01-19T12:22:53","date_gmt":"2021-01-19T12:22:53","guid":{"rendered":"https:\/\/matekprobaerettsegi.hu\/?page_id=16"},"modified":"2025-08-20T18:31:15","modified_gmt":"2025-08-20T18:31:15","slug":"jelentkezes","status":"publish","type":"page","link":"https:\/\/matekprobaerettsegi.hu\/?page_id=16","title":{"rendered":"Jelentkez\u00e9s"},"content":{"rendered":"<p>[et_pb_section fb_built=&#8221;1&#8243; _builder_version=&#8221;3.9&#8243;][et_pb_row custom_padding=&#8221;27px|0|27px|0px|false|false&#8221; _builder_version=&#8221;3.9&#8243;][et_pb_column type=&#8221;4_4&#8243; _builder_version=&#8221;3.9&#8243; parallax=&#8221;off&#8221; parallax_method=&#8221;on&#8221;][et_pb_text _builder_version=&#8221;3.9&#8243; border_width_top=&#8221;12px&#8221; border_color_top=&#8221;#edf000&#8243; box_shadow_style=&#8221;preset5&#8243; box_shadow_blur=&#8221;15px&#8221; box_shadow_spread=&#8221;0px&#8221; custom_margin=&#8221;|0px||0px&#8221; custom_padding=&#8221;10px|10px|10px|10px&#8221;]<\/p>\n<h1 style=\"text-align: center;\"><strong>Jelentkez\u00e9si fel\u00fclet<\/strong><\/h1>\n<p><strong><\/strong><\/p>\n<p><span><b>K\u00e9rj\u00fck, minden mez\u0151t sz\u00edveskedjen pontosan kit\u00f6lteni! Amelyik mez\u0151 nem \u00e9rinti \u00d6nt, oda k\u00e9rj\u00fck \u00edrjon egy nagy N bet\u0171t!<\/b>\u00a0\u00a0<\/span><\/p>\n<p><span><noscript class=\"ninja-forms-noscript-message\"><\/p>\n<p>Notice: JavaScript is required for this content.<\/noscript><\/span><\/p>\n<div id=\"nf-form-2-cont\" class=\"nf-form-cont\" aria-live=\"polite\" aria-labelledby=\"nf-form-title-2\" aria-describedby=\"nf-form-errors-2\" role=\"form\">\n<p><span><p><strong>A jelentkez\u00e9s a 2025-2026-os tan\u00e9vre lez\u00e1rult, k\u00e9rj\u00fck, vegye fel a kapcsolatot a szervez\u0151kkel!<\/strong><\/p><\/span><\/p>\n<div class=\"nf-form-wrap ninja-forms-form-wrap\">\n<div class=\"nf-form-layout\">\n<form>\n<div>\n<div class=\"nf-form-content \">\n<p>&nbsp;<\/p>\n<\/div>\n<\/div>\n<\/form>\n<\/div>\n<\/div>\n<\/div>\n<p>[\/et_pb_text][\/et_pb_column][\/et_pb_row][\/et_pb_section]<\/p>\n","protected":false},"excerpt":{"rendered":"<p>[et_pb_section fb_built=&#8221;1&#8243; _builder_version=&#8221;3.9&#8243;][et_pb_row custom_padding=&#8221;27px|0|27px|0px|false|false&#8221; _builder_version=&#8221;3.9&#8243;][et_pb_column type=&#8221;4_4&#8243; _builder_version=&#8221;3.9&#8243; parallax=&#8221;off&#8221; parallax_method=&#8221;on&#8221;][et_pb_text _builder_version=&#8221;3.9&#8243; border_width_top=&#8221;12px&#8221; border_color_top=&#8221;#edf000&#8243; box_shadow_style=&#8221;preset5&#8243; box_shadow_blur=&#8221;15px&#8221; box_shadow_spread=&#8221;0px&#8221; custom_margin=&#8221;|0px||0px&#8221; custom_padding=&#8221;10px|10px|10px|10px&#8221;] Jelentkez\u00e9si fel\u00fclet K\u00e9rj\u00fck, minden mez\u0151t sz\u00edveskedjen pontosan kit\u00f6lteni! Amelyik mez\u0151 nem \u00e9rinti \u00d6nt, oda k\u00e9rj\u00fck \u00edrjon egy nagy N bet\u0171t!\u00a0\u00a0 Notice: JavaScript is required for this content. &nbsp; [\/et_pb_text][\/et_pb_column][\/et_pb_row][\/et_pb_section]<\/p>\n","protected":false},"author":1,"featured_media":0,"parent":0,"menu_order":0,"comment_status":"closed","ping_status":"closed","template":"","meta":{"footnotes":""},"class_list":["post-16","page","type-page","status-publish","hentry"],"_links":{"self":[{"href":"https:\/\/matekprobaerettsegi.hu\/index.php?rest_route=\/wp\/v2\/pages\/16","targetHints":{"allow":["GET"]}}],"collection":[{"href":"https:\/\/matekprobaerettsegi.hu\/index.php?rest_route=\/wp\/v2\/pages"}],"about":[{"href":"https:\/\/matekprobaerettsegi.hu\/index.php?rest_route=\/wp\/v2\/types\/page"}],"author":[{"embeddable":true,"href":"https:\/\/matekprobaerettsegi.hu\/index.php?rest_route=\/wp\/v2\/users\/1"}],"replies":[{"embeddable":true,"href":"https:\/\/matekprobaerettsegi.hu\/index.php?rest_route=%2Fwp%2Fv2%2Fcomments&post=16"}],"version-history":[{"count":9,"href":"https:\/\/matekprobaerettsegi.hu\/index.php?rest_route=\/wp\/v2\/pages\/16\/revisions"}],"predecessor-version":[{"id":1142,"href":"https:\/\/matekprobaerettsegi.hu\/index.php?rest_route=\/wp\/v2\/pages\/16\/revisions\/1142"}],"wp:attachment":[{"href":"https:\/\/matekprobaerettsegi.hu\/index.php?rest_route=%2Fwp%2Fv2%2Fmedia&parent=16"}],"curies":[{"name":"wp","href":"https:\/\/api.w.org\/{rel}","templated":true}]}}