{"id":3,"date":"2021-01-13T11:30:40","date_gmt":"2021-01-13T11:30:40","guid":{"rendered":"http:\/\/matekprobaerettsegi.hu\/?page_id=3"},"modified":"2025-08-15T22:20:35","modified_gmt":"2025-08-15T22:20:35","slug":"adatkezelesi-tajekoztato","status":"publish","type":"page","link":"https:\/\/matekprobaerettsegi.hu\/?page_id=3","title":{"rendered":"Adatv\u00e9delmi nyilatkozat"},"content":{"rendered":"<p>[et_pb_section fb_built=&#8221;1&#8243; _builder_version=&#8221;3.9&#8243;][et_pb_row custom_padding=&#8221;27px|0px|27px|0px|false|false&#8221; _builder_version=&#8221;3.9&#8243;][et_pb_column type=&#8221;4_4&#8243; _builder_version=&#8221;3.9&#8243; parallax=&#8221;off&#8221; parallax_method=&#8221;on&#8221;][et_pb_text _builder_version=&#8221;3.9&#8243; text_font=&#8221;||||||||&#8221; border_width_top=&#8221;12px&#8221; border_color_top=&#8221;#edf000&#8243; box_shadow_style=&#8221;preset5&#8243; box_shadow_blur=&#8221;15px&#8221; box_shadow_spread=&#8221;0px&#8221; custom_margin=&#8221;|200px||200px&#8221; custom_padding=&#8221;10px|10px|10px|10px&#8221;]<\/p>\n<h1 style=\"text-align: center;\">Adatv\u00e9delmi nyilatkozat<\/h1>\n<p>Az \u201e\u00c9retts\u00e9git mindenkinek\u201d Szolg\u00e1ltat\u00f3 Bt., a MEGAvizsga Oktat\u00e1si Kft. \u00e9s az \u00c9retts\u00e9gizz J\u00f3l! Oktat\u00e1si Kft. (tov\u00e1bbiakban: Adatkezel\u0151k) az Orsz\u00e1gos Magyar, Matematika \u00e9s T\u00f6rt\u00e9nelem Pr\u00f3ba\u00e9retts\u00e9gi lebonyol\u00edt\u00e1s\u00e1val kapcsolatban kezelik a jelentkez\u0151k adatait, kiz\u00e1r\u00f3lag a k\u00e9rd\u00e9sek \u00e9s megrendel\u00e9sek teljes\u00edt\u00e9s\u00e9nek c\u00e9lj\u00e1b\u00f3l, valamint a teljes\u00edt\u00e9ssel kapcsolatos k\u00f6telezetts\u00e9g (sz\u00e1ml\u00e1z\u00e1s) teljes\u00edt\u00e9se \u00e9rdek\u00e9ben.<\/p>\n<p>Adatkezel\u0151k csak olyan adatot kezelnek, amelyek az adatkezel\u00e9s c\u00e9lj\u00e1nak megval\u00f3sul\u00e1s\u00e1hoz elengedhetetlenek, \u00e9s a c\u00e9l el\u00e9r\u00e9s\u00e9re alkalmasak. A jelentkez\u00e9s sor\u00e1n megadott adatokat csak a c\u00e9l megval\u00f3sul\u00e1s\u00e1hoz sz\u00fcks\u00e9ges m\u00e9rt\u00e9kben \u00e9s ideig kezelik.<\/p>\n<p>Adatkezel\u0151k minden elv\u00e1rhat\u00f3 m\u00f3don v\u00e9dik a jelentkez\u0151k \u00e1ltal megadott adatokat.<\/p>\n<p>Adatkezel\u0151k c\u00edme: 2462 Martonv\u00e1s\u00e1r, Bajcsy-Zsilinszky \u00fat 11.<\/p>\n<p>Adatkezel\u0151k el\u00e9rhet\u0151s\u00e9ge: +36-20-435-4730 \u00e9s +36-20-353-8950<\/p>\n<p>Az adatkezel\u00e9s jogalapja: a 2011. \u00e9vi CXII. t\u00f6rv\u00e9ny az inform\u00e1ci\u00f3s \u00f6nrendelkez\u00e9si jogr\u00f3l \u00e9s az inform\u00e1ci\u00f3szabads\u00e1gr\u00f3l 5. \u00a7 (1) bekezd\u00e9s a) az \u00e9rintett hozz\u00e1j\u00e1rul\u00e1sa.<\/p>\n<p>Hozz\u00e1j\u00e1rul\u00e1s az adatkezel\u00e9shez: A felhaszn\u00e1l\u00f3 jelentkez\u00e9sn\u00e9l kifejezetten hozz\u00e1j\u00e1rul\u00e1s\u00e1t adja az \u00e1ltala megadott adatok kezel\u00e9s\u00e9hez.<\/p>\n<p>Az \u00e9rintettek k\u00f6re: jelentkez\u0151k\/megrendel\u0151k<\/p>\n<p>A kezelt adatok k\u00f6re: a \u201cJelentkez\u00e9s\u201d \u00e9s \u201eRendel\u00e9s\u201d men\u00fcpontban megadott adatok.<\/p>\n<p>Az adatgy\u0171jt\u00e9s c\u00e9lja: kapcsolatfelv\u00e9tel.<\/p>\n<p>Az adatok megismer\u00e9s\u00e9re jogosult lehets\u00e9ges adatkezel\u0151 szem\u00e9lye: az \u201e\u00c9retts\u00e9git mindenkinek\u201d Szolg\u00e1ltat\u00f3 Bt., a MEGAvizsga Oktat\u00e1si Kft. \u00e9s az \u00c9retts\u00e9gizz J\u00f3l! Oktat\u00e1si Kft. \u00fcgyvezet\u0151je<\/p>\n<p>Az adatkezel\u00e9s id\u0151tartama: az elektronikusan t\u00e1rolt adatok a kapcsolatfelv\u00e9tel teljes\u00edt\u00e9s\u00e9t k\u00f6vet\u0151en 90 napon bel\u00fcl t\u00f6rl\u00e9sre ker\u00fclnek.<\/p>\n<p>Az \u00e9rdekl\u0151d\u0151 k\u00e9relmezheti az adatkezel\u0151kn\u00e9l<\/p>\n<ul>\n<li>t\u00e1j\u00e9koztat\u00e1s\u00e1t adatai kezel\u00e9s\u00e9r\u0151l;<\/li>\n<li>adatainak helyesb\u00edt\u00e9s\u00e9t;<\/li>\n<li>adatainak t\u00f6rl\u00e9s\u00e9t vagy z\u00e1rol\u00e1s\u00e1t.<\/li>\n<\/ul>\n<p>Ha az \u00e9rdekl\u0151d\u0151 kor\u00e1bban kapcsolatfelv\u00e9teli adatokat k\u00fcld\u00f6tt el, akkor a kapcsolatfelv\u00e9telkor az elk\u00fcld\u00e9s pillanat\u00e1ban \u00e9rv\u00e9nyes adatok lettek csatolva. A kapcsolatfelv\u00e9telhez kapcsolt adatokr\u00f3l t\u00e1j\u00e9koztat\u00e1st, ezek m\u00f3dos\u00edt\u00e1s\u00e1t vagy t\u00f6rl\u00e9s\u00e9t Adatkezel\u0151kn\u00e9l szem\u00e9lyesen, telefonon vagy e-mailben kezdem\u00e9nyezheti.<\/p>\n<p>Adatkezel\u0151k a k\u00e9relem beny\u00fajt\u00e1s\u00e1t\u00f3l sz\u00e1m\u00edtott legr\u00f6videbb id\u0151 alatt, legfeljebb azonban 10 napon bel\u00fcl, k\u00f6z\u00e9rthet\u0151 form\u00e1ban, a felhaszn\u00e1l\u00f3 erre ir\u00e1nyul\u00f3 k\u00e9relm\u00e9re \u00edr\u00e1sban megadja a t\u00e1j\u00e9koztat\u00e1st. Ha a jelentkez\u0151 k\u00e9relm\u00e9t jogosnak tal\u00e1lja, akkor halad\u00e9ktalanul int\u00e9zkedik adatainak helyesb\u00edt\u00e9se vagy t\u00f6rl\u00e9se \u00e9rdek\u00e9ben.<\/p>\n<p>Ha a jelentkez\u0151 nem el\u00e9gedett Adatkezel\u0151k v\u00e1lasz\u00e1val, akkor szem\u00e9lyes adatai v\u00e9delm\u00e9hez val\u00f3 jog\u00e1t polg\u00e1ri b\u00edr\u00f3s\u00e1g el\u0151tt \u00e9rv\u00e9nyes\u00edtheti, tov\u00e1bb\u00e1 a Nemzeti Adatv\u00e9delmi \u00e9s Inform\u00e1ci\u00f3szabads\u00e1g Hat\u00f3s\u00e1ghoz (<a href=\"http:\/\/www.naih.hu\/kapcsolat.html\">www.naih.hu\/kapcsolat.html<\/a>) fordulhat.<\/p>\n<p>A 2011. \u00e9vi CXII. t\u00f6rv\u00e9ny az inform\u00e1ci\u00f3s \u00f6nrendelkez\u00e9si jogr\u00f3l \u00e9s az inform\u00e1ci\u00f3szabads\u00e1gr\u00f3l itt olvashat\u00f3: Nemzeti Jogszab\u00e1lyt\u00e1r (<a href=\"http:\/\/www.njt.hu\">www.njt.hu<\/a>)<\/p>\n<p>[\/et_pb_text][\/et_pb_column][\/et_pb_row][\/et_pb_section]<\/p>\n","protected":false},"excerpt":{"rendered":"<p>[et_pb_section fb_built=&#8221;1&#8243; _builder_version=&#8221;3.9&#8243;][et_pb_row custom_padding=&#8221;27px|0px|27px|0px|false|false&#8221; _builder_version=&#8221;3.9&#8243;][et_pb_column type=&#8221;4_4&#8243; _builder_version=&#8221;3.9&#8243; parallax=&#8221;off&#8221; parallax_method=&#8221;on&#8221;][et_pb_text _builder_version=&#8221;3.9&#8243; text_font=&#8221;||||||||&#8221; border_width_top=&#8221;12px&#8221; border_color_top=&#8221;#edf000&#8243; box_shadow_style=&#8221;preset5&#8243; box_shadow_blur=&#8221;15px&#8221; box_shadow_spread=&#8221;0px&#8221; custom_margin=&#8221;|200px||200px&#8221; custom_padding=&#8221;10px|10px|10px|10px&#8221;] Adatv\u00e9delmi nyilatkozat Az \u201e\u00c9retts\u00e9git mindenkinek\u201d Szolg\u00e1ltat\u00f3 Bt., a MEGAvizsga Oktat\u00e1si Kft. \u00e9s az \u00c9retts\u00e9gizz J\u00f3l! Oktat\u00e1si Kft. (tov\u00e1bbiakban: Adatkezel\u0151k) az Orsz\u00e1gos Magyar, Matematika \u00e9s T\u00f6rt\u00e9nelem Pr\u00f3ba\u00e9retts\u00e9gi lebonyol\u00edt\u00e1s\u00e1val kapcsolatban kezelik a jelentkez\u0151k adatait, kiz\u00e1r\u00f3lag a k\u00e9rd\u00e9sek \u00e9s megrendel\u00e9sek [&hellip;]<\/p>\n","protected":false},"author":1,"featured_media":0,"parent":0,"menu_order":0,"comment_status":"closed","ping_status":"open","template":"","meta":{"footnotes":""},"class_list":["post-3","page","type-page","status-publish","hentry"],"_links":{"self":[{"href":"https:\/\/matekprobaerettsegi.hu\/index.php?rest_route=\/wp\/v2\/pages\/3","targetHints":{"allow":["GET"]}}],"collection":[{"href":"https:\/\/matekprobaerettsegi.hu\/index.php?rest_route=\/wp\/v2\/pages"}],"about":[{"href":"https:\/\/matekprobaerettsegi.hu\/index.php?rest_route=\/wp\/v2\/types\/page"}],"author":[{"embeddable":true,"href":"https:\/\/matekprobaerettsegi.hu\/index.php?rest_route=\/wp\/v2\/users\/1"}],"replies":[{"embeddable":true,"href":"https:\/\/matekprobaerettsegi.hu\/index.php?rest_route=%2Fwp%2Fv2%2Fcomments&post=3"}],"version-history":[{"count":13,"href":"https:\/\/matekprobaerettsegi.hu\/index.php?rest_route=\/wp\/v2\/pages\/3\/revisions"}],"predecessor-version":[{"id":1132,"href":"https:\/\/matekprobaerettsegi.hu\/index.php?rest_route=\/wp\/v2\/pages\/3\/revisions\/1132"}],"wp:attachment":[{"href":"https:\/\/matekprobaerettsegi.hu\/index.php?rest_route=%2Fwp%2Fv2%2Fmedia&parent=3"}],"curies":[{"name":"wp","href":"https:\/\/api.w.org\/{rel}","templated":true}]}}